{"id":1322,"date":"2018-06-27T08:35:46","date_gmt":"2018-06-27T08:35:46","guid":{"rendered":"https:\/\/www.gasa-holland.com\/about-us\/"},"modified":"2018-10-23T13:12:09","modified_gmt":"2018-10-23T13:12:09","slug":"wer-sind-wir","status":"publish","type":"page","link":"https:\/\/www.gasa-holland.com\/de\/wer-sind-wir\/","title":{"rendered":"Wer sind wir"},"content":{"rendered":"<p>[vc_row equal_height=&#8221;yes&#8221; content_placement=&#8221;middle&#8221; css=&#8221;.vc_custom_1533655409148{margin-top: 50px !important;margin-bottom: 150px !important;}&#8221; el_id=&#8221;about-us&#8221;][vc_column width=&#8221;1\/2&#8243;]<header class=\"kd-section-title col-lg-12 text-left    \" ><h2 class=\"separator_off\" >Wer sind wir<\/h2><\/header>[vc_column_text]Die Gasa Group Holland ist Ihr Spezialist im Liefern von Zierpflanzenprodukten mit einem Mehrwert. Abgesehen davon, dass wir das richtige Produkt unter den richtigen Bedingungen liefern, erf\u00fcllen wir auch gerne die sonstigen Bed\u00fcrfnisse unserer Kunden und entlasten diese in enger Zusammenarbeit, indem wir ihnen so viel wie m\u00f6glich aus den H\u00e4nden nehmen. Wir tun das, was wir am besten k\u00f6nnen, sodass auch unsere Kunden dies tun k\u00f6nnen.[\/vc_column_text][\/vc_column][vc_column width=&#8221;1\/2&#8243;][vc_single_image image=&#8221;1170&#8243; img_size=&#8221;full&#8221; alignment=&#8221;center&#8221; style=&#8221;vc_box_shadow&#8221; css=&#8221;.vc_custom_1539352310832{margin-bottom: 0px !important;}&#8221;][\/vc_column][\/vc_row][vc_row equal_height=&#8221;yes&#8221; content_placement=&#8221;middle&#8221; css=&#8221;.vc_custom_1533655418892{margin-top: 100px !important;margin-bottom: 150px !important;}&#8221; el_id=&#8221;assortment&#8221;][vc_column width=&#8221;1\/2&#8243;][vc_single_image image=&#8221;1177&#8243; img_size=&#8221;full&#8221; alignment=&#8221;center&#8221; style=&#8221;vc_box_shadow&#8221; css=&#8221;.vc_custom_1539352344115{margin-bottom: 0px !important;}&#8221;][\/vc_column][vc_column width=&#8221;1\/2&#8243;]<header class=\"kd-section-title col-lg-12 text-left    \" ><h2 class=\"separator_off\" >Produkte und Dienste<\/h2><\/header>[vc_column_text]Wir gew\u00e4hrleisten ein umfassendes Sortiment an Jungpflanzen, Zimmerpflanzen, Gartenpflanzen und Schnittblumen. Zudem bieten wir einen Mehrwert hinsichtlich diverser Dienste und Produkte, die wir liefern. Wir arbeiten bereits seit Jahren f\u00fcr verschiedene Kunden, die vom Gro\u00dfhandelsvertrieb bis hin zu Gartenzentren, Supermarktketten, Floristikketten und Z\u00fcchtern variieren. Unsere Kunden befinden sich sowohl in den Niederlanden als auch im Ausland. Vom Vereinigten K\u00f6nigreich bis hin zu Sibirien, vom Polarkreis bis zum Mittleren Osten sind sie \u00fcber die ganze Welt verteilt. Unsere Verk\u00e4ufer sprechen die Sprache des Kunden, sind mit der lokalen Kultur und Gesetzgebung vertraut und wissen sich mit Ihrer Expertise auf das richtige Marksegment einzustellen. Jeden Tag arbeiten unsere sehr motivierten Kollegen mit gr\u00f6\u00dfter Sorgfalt und h\u00f6chstem Engagement an dem Erfolg unserer Kunden.<\/p>\n<p>Wir tragen dann auch zu Recht unseren Slogan \u201eAdding value to the green world\u201c.[\/vc_column_text]<a  href=\"https:\/\/www.gasa-holland.com\/de\/sortiment\/\"  target=\"_self\"  title=\"\" class=\"tt_button tt_secondary_button   button-center  \" ><span class=\"prim_text\">Sie unsere Produkte<\/span><span class=\" iconita\"><\/span><\/a>[\/vc_column][\/vc_row][vc_row full_width=&#8221;stretch_row&#8221; equal_height=&#8221;yes&#8221; content_placement=&#8221;middle&#8221; css=&#8221;.vc_custom_1533655434787{margin-top: 100px !important;margin-bottom: 75px !important;padding-top: 100px !important;padding-bottom: 100px !important;background-image: url(https:\/\/www.gasa-holland.com\/wp-content\/uploads\/2018\/06\/Mission-Vision-2.jpg?id=202) !important;background-position: center !important;background-repeat: no-repeat !important;background-size: cover !important;}&#8221; el_id=&#8221;mission-vision&#8221;][vc_column width=&#8221;1\/2&#8243; css=&#8221;.vc_custom_1534081987431{padding-top: 40px !important;padding-right: 20px !important;padding-bottom: 40px !important;padding-left: 20px !important;background-color: rgba(2,2,2,0.6) !important;*background-color: rgb(2,2,2) !important;border-radius: 4px !important;}&#8221;]<header class=\"kd-section-title col-lg-12 text-left    \" ><h2 class=\"separator_off\" style=\"color: #ffffff;\">Mission &amp; Vision<\/h2><\/header>[vc_column_text]<span style=\"color: #ffffff;\">Mission<\/span><\/p>\n<ul>\n<li><span style=\"color: #ffffff;\">Der gr\u00fcnen Welt einen Mehrwert schaffen\u201d<\/span><\/li>\n<\/ul>\n<p><span style=\"color: #ffffff;\">Vision<\/span><\/p>\n<ul>\n<li><span style=\"color: #ffffff;\">Internationales Handelsunternehmen<\/span><\/li>\n<li><span style=\"color: #ffffff;\">F\u00fchrender, europ\u00e4ischer Lieferant auf dem Gebiet von Zierpflanzenprodukten<\/span><\/li>\n<li><span style=\"color: #ffffff;\">Ausgangspunkt ist jederzeit das Interesse des Kunden<\/span><\/li>\n<li><span style=\"color: #ffffff;\">Bester Zierpflanzenlieferant mit Gesamtl\u00f6sungen in Zusammenarbeit mit dem Kunden<\/span><\/li>\n<\/ul>\n<p>[\/vc_column_text][\/vc_column][vc_column width=&#8221;1\/2&#8243;][\/vc_column][\/vc_row][vc_row equal_height=&#8221;yes&#8221; content_placement=&#8221;middle&#8221; css=&#8221;.vc_custom_1533655446872{margin-top: 100px !important;margin-bottom: 100px !important;}&#8221; el_id=&#8221;gasa-group&#8221;][vc_column width=&#8221;1\/2&#8243;][vc_single_image image=&#8221;1184&#8243; img_size=&#8221;full&#8221; alignment=&#8221;center&#8221; style=&#8221;vc_box_shadow&#8221; css=&#8221;.vc_custom_1539352385626{margin-bottom: 0px !important;}&#8221;][\/vc_column][vc_column width=&#8221;1\/2&#8243;]<header class=\"kd-section-title col-lg-12 text-left    \" ><h2 class=\"separator_off\" >GASA GROUP<\/h2><\/header>[vc_column_text]Als Gasa Group haben wir \u00fcber unsere lokalen Unternehmen in den Niederlanden, D\u00e4nemark, Deutschland und Polen leichten Zugang zu den wichtigen Produktionsgebieten.<br \/>\nJedes mit einem eigenen Kundenkreis, einem eigenen Absatzmarkt und vielen spezifischen Expertisen, welche untereinander geteilt und, wo n\u00f6tig, ausgetauscht werden. Gemeinsam verf\u00fcgen wir \u00fcber die St\u00e4rke, sowohl in kleinem als auch in gro\u00dfem Stil ein umfassendes Sortiment aus ganz Europa einzukaufen. Eine Sammlung aus Wissen, K\u00f6nnen und Erfahrung, die wir mit unseren Kunden teilen.<\/p>\n<ul>\n<li><a href=\"http:\/\/www.gasagroup.com\/\" target=\"_blank\" rel=\"noopener\">Gasa Group<\/a><\/li>\n<li><a href=\"http:\/\/www.gasagroup.com\/\" target=\"_blank\" rel=\"noopener\">Gasa Group Denmark<\/a><\/li>\n<li><a href=\"http:\/\/www.gasa-germany.com\/\" target=\"_blank\" rel=\"noopener\">Gasa Group Germany<\/a><\/li>\n<li><a href=\"http:\/\/www.gasa-holland.com\/\" target=\"_blank\" rel=\"noopener\">Gasa Group Holland<\/a><\/li>\n<li><a href=\"http:\/\/www.gasagroup.com\/\" target=\"_blank\" rel=\"noopener\">Gasa Group Poland<\/a><\/li>\n<\/ul>\n<p>[\/vc_column_text][\/vc_column][\/vc_row][vc_row full_width=&#8221;stretch_row&#8221; equal_height=&#8221;yes&#8221; content_placement=&#8221;middle&#8221; css=&#8221;.vc_custom_1533655456564{margin-top: 150px !important;margin-bottom: 75px !important;padding-top: 100px !important;padding-bottom: 100px !important;background-image: url(https:\/\/www.gasa-holland.com\/wp-content\/uploads\/2018\/06\/History-1.jpg?id=209) !important;background-position: center !important;background-repeat: no-repeat !important;background-size: cover !important;}&#8221; el_id=&#8221;history&#8221;][vc_column width=&#8221;1\/2&#8243; css=&#8221;.vc_custom_1533503466003{padding-top: 40px !important;padding-right: 20px !important;padding-bottom: 40px !important;padding-left: 20px !important;background-color: rgba(255,255,255,0.8) !important;*background-color: rgb(255,255,255) !important;border-radius: 4px !important;}&#8221;]<header class=\"kd-section-title col-lg-12 text-left    \" ><h2 class=\"separator_off\" style=\"color: #020202;\">Geschichte<\/h2><\/header>[vc_column_text]Die Wurzeln von GASA liegen als Z\u00fcchter-und Vertriebsvereinigung, oder auf D\u00e4nisch gesagt \u201eGArtnernes SAlgsforening\u201d, in D\u00e4nemark. Im Jahr 1929 wurde GASA als Genossenschaft von G\u00e4rtnern von Gasa Arhus und Gasa Odense gegr\u00fcndet.<br \/>\nIm Jahr\u00a0 2001 fusionierten die zwei Hauptgesch\u00e4ftsstellen in Arhus und Odense zur Gasa Group Denmark. GASA wuchs weiter, wodurch im Laufe der Jahre verschiedene Tochterunternehmen entstanden.<\/p>\n<p>Gasa Group Germany ist die erste Firma au\u00dferhalb D\u00e4nemarks , die 1981 gegr\u00fcndet wird, gefolgt durch GASA Holland in 1986 und 2012 kommt Gasa Group Polen dazu\u00a0 Der 4.te\u00a0 im Bunde ist seit 2017\u00a0 Gasa Group Ungarn .\u00a0So entstand die Gasa Group mit ihren verschiedenen Spezialismen. 2007 wird die DLG Gruppe An Teilhaber von GASA Group und wird 2015 zu 100% Eigent\u00fcmer.<\/p>\n<p>[\/vc_column_text][\/vc_column][vc_column width=&#8221;1\/2&#8243;][\/vc_column][\/vc_row][vc_row equal_height=&#8221;yes&#8221; content_placement=&#8221;middle&#8221; css=&#8221;.vc_custom_1530091378868{margin-top: 75px !important;margin-bottom: 100px !important;}&#8221;][vc_column width=&#8221;1\/2&#8243;][vc_column_text]Die DLG-Gruppe ist einer der gr\u00f6\u00dften landwirtschaftlichen Unternehmungen\u00a0 in Europa und wird von d\u00e4nischen Agrariern verwaltet, was gut zur Gasa Group passt. Seit dem 1,ten Januar 2018 ist Erhverssinvest Management A\/S zu 80 % Eigent\u00fcmer. DLG beh\u00e4lt 20 % der Anteile.<\/p>\n<p>Aufgrund des anhaltenden Wachstums der Vertriebsorganisation in den Niederlanden hat man sich f\u00fcr eine Erweiterung entschieden, bei der die Gasa Group Holland am 18. Dezember 2010 ihr Unternehmen im heutig modernisierten Geb\u00e4ude am Rietwijkeroordweg in Aalsmeer ansiedelte. Dieses Geb\u00e4ude gibt der Gasa Group Holland die M\u00f6glichkeit, sich auf organisatorischem und logistischem Gebiet auf die W\u00fcnsche ihrer Kunden einzustellen. Mit Jahren des Wissens und der Erfahrung ist die Gasa Group Holland zu einem Spezialisten in Sachen Zierpflanzenprodukten mit Wertsch\u00f6pfungskonzepten angewachsen. Wir sind f\u00fcr Sie gerne der Partner, der Ihrer gr\u00fcnen Welt etwas hinzuf\u00fcgt und tragen dann auch zu Recht unseren Slogan \u201eAdding value to the green world\u201c.[\/vc_column_text][\/vc_column][vc_column width=&#8221;1\/2&#8243;][vc_single_image image=&#8221;1191&#8243; img_size=&#8221;full&#8221; alignment=&#8221;center&#8221; style=&#8221;vc_box_shadow&#8221; css=&#8221;.vc_custom_1539352420936{margin-bottom: 0px !important;}&#8221;][\/vc_column][\/vc_row][vc_row full_width=&#8221;stretch_row&#8221; equal_height=&#8221;yes&#8221; content_placement=&#8221;middle&#8221; css=&#8221;.vc_custom_1533655468074{padding-top: 50px !important;padding-bottom: 50px !important;background-color: #85c634 !important;}&#8221; el_id=&#8221;vacancies&#8221;][vc_column width=&#8221;2\/3&#8243;]<header class=\"kd-section-title col-lg-12 text-left    \" ><h2 class=\"separator_off\" style=\"color: #ffffff;\">Stellenangebote<\/h2><\/header>[vc_column_text]<span style=\"color: #ffffff;\">Do you have passion and ambition for flowers and plants and are you interested in the exporting world? Are you a motivated hard worker with both feet on the ground, and do you like to be dynamic? Then Gasa Group Holland is the right place for you. Below, you can find a list of our vacancies.<\/span><\/p>\n<p><span style=\"color: #ffffff;\">Send your open application with CV and letter of motivation to: info@gasa-holland.nl<\/span>[\/vc_column_text][\/vc_column][vc_column width=&#8221;1\/3&#8243;]<a  href=\"https:\/\/www.gasa-holland.com\/de\/kontakt\/\"  target=\"_self\"  title=\"\" class=\"tt_button tt_secondary_button btn_secondary_color  pull-right  \" ><span class=\"prim_text\">Nehmen Sie bitte mit uns Kontakt auf<\/span><span class=\" iconita\"><\/span><\/a>[\/vc_column][\/vc_row]<\/p>\n","protected":false},"excerpt":{"rendered":"<p>[vc_row equal_height=&#8221;yes&#8221; content_placement=&#8221;middle&#8221; css=&#8221;.vc_custom_1533655409148{margin-top: 50px !important;margin-bottom: 150px !important;}&#8221; el_id=&#8221;about-us&#8221;][vc_column width=&#8221;1\/2&#8243;][vc_column_text]Die Gasa Group Holland ist Ihr Spezialist im Liefern von Zierpflanzenprodukten mit einem Mehrwert. Abgesehen davon, dass wir [&hellip;]<\/p>\n","protected":false},"author":1,"featured_media":546,"parent":0,"menu_order":0,"comment_status":"closed","ping_status":"closed","template":"","meta":[],"_links":{"self":[{"href":"https:\/\/www.gasa-holland.com\/de\/wp-json\/wp\/v2\/pages\/1322\/"}],"collection":[{"href":"https:\/\/www.gasa-holland.com\/de\/wp-json\/wp\/v2\/pages\/"}],"about":[{"href":"https:\/\/www.gasa-holland.com\/de\/wp-json\/wp\/v2\/types\/page\/"}],"author":[{"embeddable":true,"href":"https:\/\/www.gasa-holland.com\/de\/wp-json\/wp\/v2\/users\/1\/"}],"replies":[{"embeddable":true,"href":"https:\/\/www.gasa-holland.com\/de\/wp-json\/wp\/v2\/comments\/?post=1322"}],"version-history":[{"count":5,"href":"https:\/\/www.gasa-holland.com\/de\/wp-json\/wp\/v2\/pages\/1322\/revisions\/"}],"predecessor-version":[{"id":1696,"href":"https:\/\/www.gasa-holland.com\/de\/wp-json\/wp\/v2\/pages\/1322\/revisions\/1696\/"}],"wp:featuredmedia":[{"embeddable":true,"href":"https:\/\/www.gasa-holland.com\/de\/wp-json\/wp\/v2\/media\/546\/"}],"wp:attachment":[{"href":"https:\/\/www.gasa-holland.com\/de\/wp-json\/wp\/v2\/media\/?parent=1322"}],"curies":[{"name":"wp","href":"https:\/\/api.w.org\/{rel}","templated":true}]}}