{"id":1330,"date":"2018-06-27T09:42:27","date_gmt":"2018-06-27T09:42:27","guid":{"rendered":"https:\/\/www.gasa-holland.com\/assortment\/"},"modified":"2018-10-23T12:58:18","modified_gmt":"2018-10-23T12:58:18","slug":"assortiment","status":"publish","type":"page","link":"https:\/\/www.gasa-holland.com\/fr\/assortiment\/","title":{"rendered":"Assortiment"},"content":{"rendered":"<p>[vc_row equal_height=&#8221;yes&#8221; content_placement=&#8221;middle&#8221; css=&#8221;.vc_custom_1533655640987{margin-top: 100px !important;margin-bottom: 150px !important;}&#8221; el_id=&#8221;assortment&#8221;][vc_column width=&#8221;1\/2&#8243;]<header class=\"kd-section-title col-lg-12 text-left    \" ><h2 class=\"separator_off\" >Assortiment<\/h2><\/header>[vc_column_text]Nous proposons un large assortiment de jeunes pousses, de plantes d\u2019int\u00e9rieur, de plantes de jardin, de fleurs \u00e0 couper et de valeur ajout\u00e9e. Gasa Group est une des organisations de vente les plus importantes pour ce qui est des fleurs et des plantes. Implant\u00e9e dans quatre pays diff\u00e9rents, avec des sp\u00e9cialit\u00e9s sp\u00e9cifiques dans chacun d\u2019eux, nous pouvons ensemble proposer un assortiment large et sp\u00e9cifique. Nos membres du Gasa Group sont \u00e9tablis au Danemark, en Allemagne, aux Pays-Bas et en Pologne. Parall\u00e8lement \u00e0 cela, Gasa Group a un acc\u00e8s facile aux principaux domaines de production et nous achetons \u00e9galement dans des pays comme la Belgique, l\u2019Italie ou l\u2019Espagne. Nos acheteurs collaborent avec un groupe s\u00e9lectionn\u00e9 d\u2019horticulteurs avec lesquels ils entretiennent de bonnes relations et qui r\u00e9pondent aux souhaits \u00e9mis par vous, nos clients. De cette mani\u00e8re, vous recevez chaque jour des produits frais selon vos souhaits et besoins, avec le meilleur rapport qualit\u00e9\/prix.[\/vc_column_text][\/vc_column][vc_column width=&#8221;1\/2&#8243;][vc_single_image image=&#8221;1199&#8243; img_size=&#8221;full&#8221; alignment=&#8221;center&#8221; style=&#8221;vc_box_shadow&#8221; css=&#8221;.vc_custom_1539355253967{margin-bottom: 0px !important;}&#8221;][\/vc_column][\/vc_row][vc_row full_width=&#8221;stretch_row&#8221; equal_height=&#8221;yes&#8221; content_placement=&#8221;middle&#8221; css=&#8221;.vc_custom_1539355008668{margin-top: 100px !important;margin-bottom: 75px !important;padding-top: 100px !important;padding-bottom: 100px !important;background-image: url(https:\/\/www.gasa-holland.com\/wp-content\/uploads\/2018\/10\/Youg-plants-Gasa.jpg?id=1231) !important;background-position: center !important;background-repeat: no-repeat !important;background-size: cover !important;}&#8221; el_id=&#8221;young-plants&#8221;][vc_column width=&#8221;1\/2&#8243; css=&#8221;.vc_custom_1532959841216{padding-top: 40px !important;padding-right: 20px !important;padding-bottom: 40px !important;padding-left: 20px !important;border-radius: 4px !important;}&#8221;][\/vc_column][vc_column width=&#8221;1\/2&#8243; css=&#8221;.vc_custom_1533503991934{padding-top: 20px !important;padding-right: 20px !important;padding-bottom: 20px !important;padding-left: 20px !important;background-color: rgba(0,0,0,0.6) !important;*background-color: rgb(0,0,0) !important;border-radius: 4px !important;}&#8221;]<header class=\"kd-section-title col-lg-12 text-left    \" ><h2 class=\"separator_off\" style=\"color: #ffffff;\">Jeunes pousses<\/h2><\/header>[vc_column_text]<span style=\"color: #ffffff;\">En collaboration avec Gasa Young plants au Danemark, nous vous proposons aussi la possibilit\u00e9 d\u2019acqu\u00e9rir des boutures. Gr\u00e2ce au r\u00e9seau de Gasa Young plants, dans diff\u00e9rentes entreprises de bouturage et de reproduction, nous pouvons vous\u00a0 proposer un large assortiment de jeunes pousses. Nous pouvons naturellement \u00e9tablir un programme avec vous, en collaboration avec une entreprise de bouturage, o\u00f9 vous pouvez faire cultiver une nouvelle race ou un nouvel assortiment de plantes. Ainsi, vous pouvez \u00e9laborer et faire cultiver des plantes sp\u00e9cifiques qui se vendent le mieux dans votre magasin.<\/span>[\/vc_column_text][\/vc_column][\/vc_row][vc_row equal_height=&#8221;yes&#8221; content_placement=&#8221;middle&#8221; css=&#8221;.vc_custom_1534948469815{margin-top: 50px !important;margin-bottom: 150px !important;}&#8221; el_id=&#8221;cut-flowers&#8221;][vc_column width=&#8221;1\/2&#8243;]<header class=\"kd-section-title col-lg-12 text-left    \" ><h2 class=\"separator_off\" >Fleurs Coup\u00e9es<\/h2><\/header>[vc_column_text]Dans le domaine des fleurs coup\u00e9es, Gasa Group Hollande se d\u00e9veloppe et conna\u00eet une forte croissance depuis plusieurs ann\u00e9es. Cette croissance fait suite \u00e0 la demande constante de nos clients pour \u00eatre aussi fournis en fleurs coup\u00e9es. Nous nous chargeons de l\u2019achat professionnel et de la transformation de vos fleurs coup\u00e9es avec un temps de livraison flexible et nous offrons un bon rapport qualit\u00e9\/prix pour des fleurs coup\u00e9es fraiches, des mono bouquets ou mix, de la pochette simple \u00e0 l\u2019emballage sp\u00e9cial, les possibilit\u00e9s sont infinies.[\/vc_column_text][\/vc_column][vc_column width=&#8221;1\/2&#8243;][vc_single_image image=&#8221;1224&#8243; img_size=&#8221;full&#8221; alignment=&#8221;center&#8221; style=&#8221;vc_box_shadow&#8221; css=&#8221;.vc_custom_1539354729509{margin-bottom: 0px !important;background-image: url(https:\/\/www.gasa-holland.com\/wp-content\/uploads\/2018\/08\/homepage-sbijbloemen-agapanthus.jpg?id=730) !important;}&#8221;][\/vc_column][\/vc_row][vc_row equal_height=&#8221;yes&#8221; content_placement=&#8221;middle&#8221; css=&#8221;.vc_custom_1534948370641{margin-top: 100px !important;margin-bottom: 100px !important;}&#8221; el_id=&#8221;indoor-outdoor&#8221;][vc_column width=&#8221;1\/2&#8243;][vc_single_image image=&#8221;1177&#8243; img_size=&#8221;full&#8221; alignment=&#8221;center&#8221; style=&#8221;vc_box_shadow&#8221; css=&#8221;.vc_custom_1539353392233{margin-bottom: 0px !important;}&#8221;][\/vc_column][vc_column width=&#8221;1\/2&#8243;]<header class=\"kd-section-title col-lg-12 text-left    \" ><h2 class=\"separator_off\" >Plantes d\u2019int\u00e9rieur et d\u2019 ext\u00e9rieur<\/h2><\/header>[vc_column_text]<span style=\"color: #000000;\">Avec des ann\u00e9es d\u2019exp\u00e9rience, nous sommes le sp\u00e9cialiste des plantes d\u2019int\u00e9rieur et d\u2019ext\u00e9rieur. Du commerce quotidien aux produits et nouveaut\u00e9s saisonniers, nous sommes implant\u00e9s sur tous les march\u00e9s. Nos vendeurs \u00e9tablissent avec vous la liste de vos besoins et d\u00e9terminent quelle sera la strat\u00e9gie d\u2019achat. De l\u2019achat \u00e0 l\u2019horloge de la cri\u00e9e jusque directement chez l\u2019horticulteur, le commerce quotidien ou \u00e0 terme, tout est possible. Sur simple demande, nos vendeurs envoient une offre sp\u00e9cifique, avec laquelle vous pouvez commander directement les produits propos\u00e9s, avec une qualit\u00e9, une maturit\u00e9 et un conditionnement appropri\u00e9s.<\/span>[\/vc_column_text][\/vc_column][\/vc_row][vc_row full_width=&#8221;stretch_row&#8221; equal_height=&#8221;yes&#8221; content_placement=&#8221;middle&#8221; css=&#8221;.vc_custom_1533655688734{margin-top: 150px !important;margin-bottom: 75px !important;padding-top: 100px !important;padding-bottom: 100px !important;background-image: url(https:\/\/www.gasa-holland.com\/wp-content\/uploads\/2018\/06\/Added-Value.jpg?id=223) !important;background-position: center !important;background-repeat: no-repeat !important;background-size: cover !important;}&#8221; el_id=&#8221;added-value&#8221;][vc_column width=&#8221;1\/2&#8243; css=&#8221;.vc_custom_1535481763966{padding-top: 40px !important;padding-right: 20px !important;padding-bottom: 40px !important;padding-left: 20px !important;background-color: rgba(2,2,2,0.8) !important;*background-color: rgb(2,2,2) !important;border-radius: 4px !important;}&#8221;]<header class=\"kd-section-title col-lg-12 text-left    \" ><h2 class=\"separator_off\" style=\"color: #ffffff;\">Valeur ajout\u00e9e<\/h2><\/header>[vc_column_text]<span style=\"color: #ffffff;\">Nous nous chargeons et nous vous conseillons avec plaisir lors de la vente de votre produit. En outre des sp\u00e9cialistes qui travaillent chez nous, nous collaborons aussi avec diff\u00e9rents partenaires et fournisseurs, c\u2019est pourquoi, nous sommes capables de vous bien conseiller et de vous assister au niveau de la connaissance produit, de l\u2019organisation, de la logistique et de la vente.<\/span><\/p>\n<p><span style=\"color: #ffffff;\">L\u2019ajout de valeur aux plantes et aux fleurs est inscrit dans notre ADN. Au quotidien, nous recherchons une valeur ajout\u00e9e novatrice et exclusive sous forme d\u2019arrangements, de paquets cadeau, jusqu\u2019\u00e0 des concepts complets dans certains domaines et th\u00e8mes. Avec une \u00e9quipe de sp\u00e9cialistes comprenant des acheteurs de valeur ajout\u00e9e, jusqu\u2019au d\u00e9partement de d\u00e9veloppement et de marketing de concepts, nous cr\u00e9ons des produits innovants et exclusifs sur mesure.<\/span><br \/>\n<span style=\"color: #ffffff;\">Avec des moyens de communication professionnels innovants, nous sommes capables d\u2019apporter une plus grande contribution \u00e0 la r\u00e9ussite de nos clients. Vous trouverez ci-dessous un aper\u00e7u des services que nous pouvons proposer\u00a0:<\/span><\/p>\n<ul>\n<li><span style=\"color: #ffffff;\">Photographie de produit<\/span><\/li>\n<li><span style=\"color: #ffffff;\">Mat\u00e9riel de point de Vente<\/span><\/li>\n<li><span style=\"color: #ffffff;\">Emballages<\/span><\/li>\n<li><span style=\"color: #ffffff;\">Etiquettes et autocollants<\/span><\/li>\n<li><span style=\"color: #ffffff;\">C\u00e9ramique et autres supports<\/span><\/li>\n<li><span style=\"color: #ffffff;\">Concepts<\/span><\/li>\n<li><span style=\"color: #ffffff;\">Projet de rayonnage<\/span><\/li>\n<li><span style=\"color: #ffffff;\">Solutions compl\u00e8tes pour magasin<\/span><\/li>\n<li><span style=\"color: #ffffff;\">Produits sp\u00e9cifiques au client<\/span><\/li>\n<\/ul>\n<p>[\/vc_column_text][\/vc_column][vc_column width=&#8221;1\/2&#8243;][\/vc_column][\/vc_row][vc_row equal_height=&#8221;yes&#8221; content_placement=&#8221;middle&#8221; css=&#8221;.vc_custom_1533655701677{margin-top: 75px !important;margin-bottom: 100px !important;}&#8221; el_id=&#8221;custom-made&#8221;][vc_column width=&#8221;1\/2&#8243;][vc_single_image image=&#8221;1217&#8243; img_size=&#8221;full&#8221; alignment=&#8221;center&#8221; style=&#8221;vc_box_shadow&#8221; css=&#8221;.vc_custom_1539354613380{margin-bottom: 0px !important;}&#8221;][\/vc_column][vc_column width=&#8221;1\/2&#8243;]<header class=\"kd-section-title col-lg-12 text-left    \" ><h2 class=\"separator_off\" >Specificite du client<\/h2><\/header>[vc_column_text]Inspirez et s\u00e9duisez votre client avec une histoire qui a son style propre! Nous sommes le sp\u00e9cialiste des solutions sur mesure et nous nous faisons un plaisir de nous occuper pour vous de l\u2019environnement de vente optimal ou de l\u2019augmentation de valeur de vos produits \u00e0 vendre. Aujourd\u2019hui, l\u2019ambiance du produit est de plus en plus importante pour stimuler la vente. Le march\u00e9 demande sans cesse de nouveaux styles ou concepts.<\/p>\n<p>Si vous avez des id\u00e9es, nous serions ravis de vous aider \u00e0 \u00e9laborer un produit personnalis\u00e9 et unique. Avec vous, on envisagera \u00e9galement de divers styles et th\u00e8mes de couleur, selon votre style maison ou un concept de vente exclusif. Faites-en l\u2019exp\u00e9rience et lancez-nous un d\u00e9fi en nous confiant une commande cr\u00e9ative. Nous d\u00e9veloppons des produits sp\u00e9cifiques pour vous, comme client, vous permettant de vous distinguer des autres.[\/vc_column_text][\/vc_column][\/vc_row]<\/p>\n","protected":false},"excerpt":{"rendered":"<p>[vc_row equal_height=&#8221;yes&#8221; content_placement=&#8221;middle&#8221; css=&#8221;.vc_custom_1533655640987{margin-top: 100px !important;margin-bottom: 150px !important;}&#8221; el_id=&#8221;assortment&#8221;][vc_column width=&#8221;1\/2&#8243;][vc_column_text]Nous proposons un large assortiment de jeunes pousses, de plantes d\u2019int\u00e9rieur, de plantes de jardin, de fleurs \u00e0 [&hellip;]<\/p>\n","protected":false},"author":1,"featured_media":1299,"parent":0,"menu_order":0,"comment_status":"closed","ping_status":"closed","template":"","meta":[],"_links":{"self":[{"href":"https:\/\/www.gasa-holland.com\/fr\/wp-json\/wp\/v2\/pages\/1330\/"}],"collection":[{"href":"https:\/\/www.gasa-holland.com\/fr\/wp-json\/wp\/v2\/pages\/"}],"about":[{"href":"https:\/\/www.gasa-holland.com\/fr\/wp-json\/wp\/v2\/types\/page\/"}],"author":[{"embeddable":true,"href":"https:\/\/www.gasa-holland.com\/fr\/wp-json\/wp\/v2\/users\/1\/"}],"replies":[{"embeddable":true,"href":"https:\/\/www.gasa-holland.com\/fr\/wp-json\/wp\/v2\/comments\/?post=1330"}],"version-history":[{"count":5,"href":"https:\/\/www.gasa-holland.com\/fr\/wp-json\/wp\/v2\/pages\/1330\/revisions\/"}],"predecessor-version":[{"id":1613,"href":"https:\/\/www.gasa-holland.com\/fr\/wp-json\/wp\/v2\/pages\/1330\/revisions\/1613\/"}],"wp:featuredmedia":[{"embeddable":true,"href":"https:\/\/www.gasa-holland.com\/fr\/wp-json\/wp\/v2\/media\/1299\/"}],"wp:attachment":[{"href":"https:\/\/www.gasa-holland.com\/fr\/wp-json\/wp\/v2\/media\/?parent=1330"}],"curies":[{"name":"wp","href":"https:\/\/api.w.org\/{rel}","templated":true}]}}